{"id":17,"date":"2023-03-14T21:14:05","date_gmt":"2023-03-14T21:14:05","guid":{"rendered":"http:\/\/www.abdulganidegirmenci.av.tr\/?page_id=17"},"modified":"2024-04-13T20:45:10","modified_gmt":"2024-04-13T20:45:10","slug":"hakkimizda","status":"publish","type":"page","link":"https:\/\/www.abdulganidegirmenci.av.tr\/?page_id=17","title":{"rendered":"Hakk\u0131m\u0131zda"},"content":{"rendered":"\t\t<div data-elementor-type=\"wp-page\" data-elementor-id=\"17\" class=\"elementor elementor-17\" data-elementor-settings=\"[]\">\n\t\t\t\t\t\t<div class=\"elementor-inner\">\n\t\t\t\t\t\t\t<div class=\"elementor-section-wrap\">\n\t\t\t\t\t\t\t<section class=\"elementor-section elementor-top-section elementor-element elementor-element-1b2e9eda elementor-section-full_width elementor-section-height-min-height elementor-section-height-default elementor-section-items-middle\" data-id=\"1b2e9eda\" data-element_type=\"section\" data-settings=\"{&quot;background_background&quot;:&quot;classic&quot;}\">\n\t\t\t\t\t\t<div class=\"elementor-container elementor-column-gap-default\">\n\t\t\t\t\t\t\t<div class=\"elementor-row\">\n\t\t\t\t\t<div class=\"elementor-column elementor-col-100 elementor-top-column elementor-element elementor-element-1fc13585\" data-id=\"1fc13585\" data-element_type=\"column\">\n\t\t\t<div class=\"elementor-column-wrap elementor-element-populated\">\n\t\t\t\t\t\t\t<div class=\"elementor-widget-wrap\">\n\t\t\t\t\t\t<div class=\"elementor-element elementor-element-340cde36 elementor-widget elementor-widget-heading\" data-id=\"340cde36\" data-element_type=\"widget\" data-widget_type=\"heading.default\">\n\t\t\t\t<div class=\"elementor-widget-container\">\n\t\t\t<h2 class=\"elementor-heading-title elementor-size-default\">HAKKIMIZDA<\/h2>\t\t<\/div>\n\t\t\t\t<\/div>\n\t\t\t\t\t\t<\/div>\n\t\t\t\t\t<\/div>\n\t\t<\/div>\n\t\t\t\t\t\t\t\t<\/div>\n\t\t\t\t\t<\/div>\n\t\t<\/section>\n\t\t\t\t<section class=\"elementor-section elementor-top-section elementor-element elementor-element-5b72710 elementor-section-boxed elementor-section-height-default elementor-section-height-default\" data-id=\"5b72710\" data-element_type=\"section\">\n\t\t\t\t\t\t<div class=\"elementor-container elementor-column-gap-default\">\n\t\t\t\t\t\t\t<div class=\"elementor-row\">\n\t\t\t\t\t<div class=\"elementor-column elementor-col-100 elementor-top-column elementor-element elementor-element-dddee69\" data-id=\"dddee69\" data-element_type=\"column\">\n\t\t\t<div class=\"elementor-column-wrap elementor-element-populated\">\n\t\t\t\t\t\t\t<div class=\"elementor-widget-wrap\">\n\t\t\t\t\t\t<div class=\"elementor-element elementor-element-3deceb7 elementor-widget elementor-widget-spacer\" data-id=\"3deceb7\" data-element_type=\"widget\" data-widget_type=\"spacer.default\">\n\t\t\t\t<div class=\"elementor-widget-container\">\n\t\t\t\t\t<div class=\"elementor-spacer\">\n\t\t\t<div class=\"elementor-spacer-inner\"><\/div>\n\t\t<\/div>\n\t\t\t\t<\/div>\n\t\t\t\t<\/div>\n\t\t\t\t\t\t<\/div>\n\t\t\t\t\t<\/div>\n\t\t<\/div>\n\t\t\t\t\t\t\t\t<\/div>\n\t\t\t\t\t<\/div>\n\t\t<\/section>\n\t\t\t\t<section class=\"elementor-section elementor-top-section elementor-element elementor-element-441a9678 elementor-section-boxed elementor-section-height-default elementor-section-height-default\" data-id=\"441a9678\" data-element_type=\"section\" data-settings=\"{&quot;background_background&quot;:&quot;classic&quot;}\">\n\t\t\t\t\t\t\t<div class=\"elementor-background-overlay\"><\/div>\n\t\t\t\t\t\t\t<div class=\"elementor-container elementor-column-gap-default\">\n\t\t\t\t\t\t\t<div class=\"elementor-row\">\n\t\t\t\t\t<div class=\"elementor-column elementor-col-100 elementor-top-column elementor-element elementor-element-191352b0\" data-id=\"191352b0\" data-element_type=\"column\">\n\t\t\t<div class=\"elementor-column-wrap elementor-element-populated\">\n\t\t\t\t\t\t\t<div class=\"elementor-widget-wrap\">\n\t\t\t\t\t\t<div class=\"elementor-element elementor-element-61166bbf elementor-widget elementor-widget-heading\" data-id=\"61166bbf\" data-element_type=\"widget\" data-widget_type=\"heading.default\">\n\t\t\t\t<div class=\"elementor-widget-container\">\n\t\t\t<h2 class=\"elementor-heading-title elementor-size-default\">AGDE Hukuk B\u00fcrosu Olarak Biz Kimiz ve Nas\u0131l \u00c7al\u0131\u015f\u0131yoruz?<\/h2>\t\t<\/div>\n\t\t\t\t<\/div>\n\t\t\t\t<div class=\"elementor-element elementor-element-1aef96f9 elementor-widget elementor-widget-text-editor\" data-id=\"1aef96f9\" data-element_type=\"widget\" data-widget_type=\"text-editor.default\">\n\t\t\t\t<div class=\"elementor-widget-container\">\n\t\t\t\t\t<div class=\"elementor-text-editor elementor-clearfix\"><p>AG-DE Hukuk B\u00fcrosu ABD\u00dcLGAN\u0130 DE\u011e\u0130RMENC\u0130 taraf\u0131ndan kurulmu\u015f ve 2000 y\u0131l\u0131ndan beri faaliyette olup deneyim ve birikimler ile i\u015f saham\u0131z\u0131 her ge\u00e7en g\u00fcn geni\u015fletiyoruz. AG-DE Hukuk B\u00fcrosu m\u00fcvekkilleri i\u00e7in sa\u011flad\u0131\u011f\u0131 hukuki hizmetlerinde \u00f6zellikle e\u015fitlik, d\u00fcr\u00fcstl\u00fck, g\u00fcven, sayg\u0131 ve nezaket \u00e7er\u00e7evesinde davranarak avukatl\u0131k mesle\u011finin gerektirdi\u011fi hukuksal faaliyetleri yerine getirme gayreti i\u00e7erisindedir.<\/p><p>\u00a0\u00a0 Her zaman en h\u0131zl\u0131 \u00e7\u00f6z\u00fcm yolunu \u00fcretmek i\u00e7in \u00e7al\u0131\u015fmakta olan kadromuz ile b\u00fcromuz g\u00fcn ge\u00e7tik\u00e7e b\u00fcy\u00fcyen bir hukuk b\u00fcrosu haline gelmi\u015ftir. AG-DE Hukuk olarak, hukukun \u00fcst\u00fcnl\u00fc\u011f\u00fc ilkesini benimseyerek her t\u00fcrl\u00fc hukuki uyu\u015fmazl\u0131k kar\u015f\u0131s\u0131nda \u00f6zverili bir \u015fekilde \u00e7al\u0131\u015fmalar\u0131m\u0131za devam etmekteyiz.<\/p><p>\u00a0 Davalar\u0131 sadece birer dosya olarak olarak g\u00f6rmeyip insan odakl\u0131 \u00e7al\u0131\u015fma anlay\u0131\u015f\u0131m\u0131zla m\u00fcvekkillerimizin hayat\u0131n\u0131 kolayla\u015ft\u0131rmay\u0131 hedefleyen bir anlay\u0131\u015fa sahibiz. Hukuki sorunlar\u0131 daha ortaya \u00e7\u0131kmadan ve davaya d\u00f6n\u00fc\u015fmeden \u00f6nleyecek bir dan\u0131\u015fmanl\u0131k sistemi olu\u015fturmay\u0131 hedefliyoruz.<\/p><p>\u00a0 B\u00fcromuzda ekip arkada\u015flar\u0131m\u0131z\u0131 her biri bir alanda uzmanla\u015ft\u0131rarak de\u011ferli hukuk\u00e7ular yeti\u015ftirmeyi hedefliyoruz.<\/p><p>Kazand\u0131\u011f\u0131 be\u011feni ve g\u00fcvene dayanarak m\u00fcvekkil say\u0131s\u0131n\u0131 artt\u0131rmakta ve b\u00fcy\u00fcme yolunda tam gaz\u00a0 devam ediyoruz. Ofisimizin gerek avukat kadrosu, deneyimli personeli ve gerekse dan\u0131\u015fmanlar\u0131yla kurumsal ve bireysel m\u00fcvekkillere hukuk hizmetleri vermeye devam etmektedir. T\u00fcm avukat ve \u00e7al\u0131\u015fanlar ve siz de\u011ferli m\u00fcvekkillerimizden olu\u015fan bu aileye te\u015fekk\u00fcr ederiz.<\/p><\/div>\n\t\t\t\t<\/div>\n\t\t\t\t<\/div>\n\t\t\t\t\t\t<\/div>\n\t\t\t\t\t<\/div>\n\t\t<\/div>\n\t\t\t\t\t\t\t\t<\/div>\n\t\t\t\t\t<\/div>\n\t\t<\/section>\n\t\t\t\t<section class=\"elementor-section elementor-top-section elementor-element elementor-element-a05b2f5 elementor-section-boxed elementor-section-height-default elementor-section-height-default\" data-id=\"a05b2f5\" data-element_type=\"section\">\n\t\t\t\t\t\t<div class=\"elementor-container elementor-column-gap-default\">\n\t\t\t\t\t\t\t<div class=\"elementor-row\">\n\t\t\t\t\t<div class=\"elementor-column elementor-col-100 elementor-top-column elementor-element elementor-element-689cc98\" data-id=\"689cc98\" data-element_type=\"column\">\n\t\t\t<div class=\"elementor-column-wrap elementor-element-populated\">\n\t\t\t\t\t\t\t<div class=\"elementor-widget-wrap\">\n\t\t\t\t\t\t<div class=\"elementor-element elementor-element-a4a304d elementor-widget elementor-widget-spacer\" data-id=\"a4a304d\" data-element_type=\"widget\" data-widget_type=\"spacer.default\">\n\t\t\t\t<div class=\"elementor-widget-container\">\n\t\t\t\t\t<div class=\"elementor-spacer\">\n\t\t\t<div class=\"elementor-spacer-inner\"><\/div>\n\t\t<\/div>\n\t\t\t\t<\/div>\n\t\t\t\t<\/div>\n\t\t\t\t\t\t<\/div>\n\t\t\t\t\t<\/div>\n\t\t<\/div>\n\t\t\t\t\t\t\t\t<\/div>\n\t\t\t\t\t<\/div>\n\t\t<\/section>\n\t\t\t\t\t\t<\/div>\n\t\t\t\t\t\t<\/div>\n\t\t\t\t\t<\/div>\n\t\t","protected":false},"excerpt":{"rendered":"<p>HAKKIMIZDA AGDE Hukuk B\u00fcrosu Olarak Biz Kimiz ve Nas\u0131l \u00c7al\u0131\u015f\u0131yoruz? AG-DE Hukuk B\u00fcrosu ABD\u00dcLGAN\u0130 DE\u011e\u0130RMENC\u0130 taraf\u0131ndan kurulmu\u015f ve 2000 y\u0131l\u0131ndan beri faaliyette olup deneyim ve birikimler ile i\u015f saham\u0131z\u0131 her ge\u00e7en g\u00fcn geni\u015fletiyoruz. AG-DE Hukuk B\u00fcrosu m\u00fcvekkilleri i\u00e7in sa\u011flad\u0131\u011f\u0131 hukuki hizmetlerinde \u00f6zellikle e\u015fitlik, d\u00fcr\u00fcstl\u00fck, g\u00fcven, sayg\u0131 ve nezaket \u00e7er\u00e7evesinde davranarak avukatl\u0131k mesle\u011finin gerektirdi\u011fi hukuksal faaliyetleri&hellip; <a class=\"more-link\" href=\"https:\/\/www.abdulganidegirmenci.av.tr\/?page_id=17\">Okumaya devam et <span class=\"screen-reader-text\">Hakk\u0131m\u0131zda<\/span><\/a><\/p>\n","protected":false},"author":1,"featured_media":0,"parent":0,"menu_order":0,"comment_status":"closed","ping_status":"closed","template":"elementor_header_footer","meta":[],"_links":{"self":[{"href":"https:\/\/www.abdulganidegirmenci.av.tr\/index.php?rest_route=\/wp\/v2\/pages\/17"}],"collection":[{"href":"https:\/\/www.abdulganidegirmenci.av.tr\/index.php?rest_route=\/wp\/v2\/pages"}],"about":[{"href":"https:\/\/www.abdulganidegirmenci.av.tr\/index.php?rest_route=\/wp\/v2\/types\/page"}],"author":[{"embeddable":true,"href":"https:\/\/www.abdulganidegirmenci.av.tr\/index.php?rest_route=\/wp\/v2\/users\/1"}],"replies":[{"embeddable":true,"href":"https:\/\/www.abdulganidegirmenci.av.tr\/index.php?rest_route=%2Fwp%2Fv2%2Fcomments&post=17"}],"version-history":[{"count":13,"href":"https:\/\/www.abdulganidegirmenci.av.tr\/index.php?rest_route=\/wp\/v2\/pages\/17\/revisions"}],"predecessor-version":[{"id":457,"href":"https:\/\/www.abdulganidegirmenci.av.tr\/index.php?rest_route=\/wp\/v2\/pages\/17\/revisions\/457"}],"wp:attachment":[{"href":"https:\/\/www.abdulganidegirmenci.av.tr\/index.php?rest_route=%2Fwp%2Fv2%2Fmedia&parent=17"}],"curies":[{"name":"wp","href":"https:\/\/api.w.org\/{rel}","templated":true}]}}